{"id":451,"date":"2023-04-05T13:27:07","date_gmt":"2023-04-05T11:27:07","guid":{"rendered":"https:\/\/sustainableforestryservices.com\/?page_id=451"},"modified":"2023-04-06T09:14:41","modified_gmt":"2023-04-06T07:14:41","slug":"telecharger-ebooks-pdf-agroforesterie","status":"publish","type":"page","link":"https:\/\/sustainableforestryservices.com\/fr\/telecharger-ebooks-pdf-agroforesterie\/","title":{"rendered":"T\u00e9l\u00e9charger nos ebooks PDF sur l&rsquo;agroforesterie"},"content":{"rendered":"\n<p>D\u00e9couvrez nos 5 ebooks PDF sur l&rsquo;agroforesterie, abordant des sujets tels que l&rsquo;acquisition de plantations d&rsquo;agar et de mangue, les prix du Durian King et de la mangue, et les mod\u00e8les financiers de l&rsquo;agroforesterie.<\/p>\n\n\n\n<h2 class=\"wp-block-heading has-text-align-center has-medium-font-size\">Acquisition d&rsquo;une plantation d&rsquo;Agar (fr)<\/h2>\n\n\n\n<div class=\"wp-block-buttons alignwide is-content-justification-center is-layout-flex wp-container-core-buttons-is-layout-a89b3969 wp-block-buttons-is-layout-flex\">\n<div class=\"wp-block-button\"><a class=\"wp-block-button__link has-text-align-center wp-element-button\" href=\"https:\/\/sustainableforestryservices.com\/fr\/telecharger-ebook-bois-d-agar\/\">Vers le formulaire<\/a><\/div>\n<\/div>\n\n\n\n<hr class=\"wp-block-separator aligncenter has-alpha-channel-opacity is-style-wide\"\/>\n\n\n\n<p><\/p>\n\n\n\n<h2 class=\"wp-block-heading has-text-align-center has-medium-font-size\">Le mod\u00e8le financier de l&rsquo;Agroforesterie (fr)<\/h2>\n\n\n\n<div class=\"wp-block-buttons alignwide is-content-justification-center is-layout-flex wp-container-core-buttons-is-layout-a89b3969 wp-block-buttons-is-layout-flex\">\n<div class=\"wp-block-button\"><a class=\"wp-block-button__link has-text-align-center wp-element-button\" href=\"https:\/\/sustainableforestryservices.com\/fr\/ebook-modele-financier\/\">Vers le formulaire<\/a><\/div>\n<\/div>\n\n\n\n<hr class=\"wp-block-separator aligncenter has-alpha-channel-opacity is-style-wide\"\/>\n\n\n\n<p><\/p>\n\n\n\n<h2 class=\"wp-block-heading has-text-align-center has-medium-font-size\">Les prix du Durian King (en)<\/h2>\n\n\n\n<div class=\"wp-block-buttons alignwide is-content-justification-center is-layout-flex wp-container-core-buttons-is-layout-a89b3969 wp-block-buttons-is-layout-flex\">\n<div class=\"wp-block-button\"><a class=\"wp-block-button__link has-text-align-center wp-element-button\" href=\"https:\/\/sustainableforestryservices.com\/fr\/ebook-durian-king\/\">Vers le formulaire<\/a><\/div>\n<\/div>\n\n\n\n<hr class=\"wp-block-separator aligncenter has-alpha-channel-opacity is-style-wide\"\/>\n\n\n\n<p><\/p>\n\n\n\n<h2 class=\"wp-block-heading has-text-align-center has-medium-font-size\">Le prix de la Mangue (fr)<\/h2>\n\n\n\n<div class=\"wp-block-buttons alignwide is-content-justification-center is-layout-flex wp-container-core-buttons-is-layout-a89b3969 wp-block-buttons-is-layout-flex\">\n<div class=\"wp-block-button\"><a class=\"wp-block-button__link has-text-align-center wp-element-button\" href=\"https:\/\/sustainableforestryservices.com\/fr\/ebook-prix-de-la-mangue\/\">Vers le formulaire<\/a><\/div>\n<\/div>\n\n\n\n<hr class=\"wp-block-separator aligncenter has-alpha-channel-opacity is-style-wide\"\/>\n\n\n\n<p><\/p>\n\n\n\n<h2 class=\"wp-block-heading has-text-align-center has-medium-font-size\">Acquisition d&rsquo;une plantation de Mangue (fr)<\/h2>\n\n\n\n<div class=\"wp-block-buttons alignwide is-content-justification-center is-layout-flex wp-container-core-buttons-is-layout-a89b3969 wp-block-buttons-is-layout-flex\">\n<div class=\"wp-block-button\"><a class=\"wp-block-button__link has-text-align-center wp-element-button\" href=\"https:\/\/sustainableforestryservices.com\/fr\/ebook-acquisition-plantation-mangue\/\">Vers le formulaire<\/a><\/div>\n<\/div>\n\n\n\n<p><\/p>\n","protected":false},"excerpt":{"rendered":"<p>D\u00e9couvrez nos 5 ebooks PDF sur l&rsquo;agroforesterie, abordant des sujets tels que l&rsquo;acquisition de plantations d&rsquo;agar et de mangue, les prix du Durian King et de la mangue, et les mod\u00e8les financiers de l&rsquo;agroforesterie. Acquisition d&rsquo;une plantation d&rsquo;Agar (fr) Le mod\u00e8le financier de l&rsquo;Agroforesterie (fr) Les prix du Durian King (en) Le prix de la [&hellip;]<\/p>\n","protected":false},"author":1,"featured_media":0,"parent":0,"menu_order":0,"comment_status":"closed","ping_status":"closed","template":"","meta":{"site-sidebar-layout":"default","site-content-layout":"","ast-site-content-layout":"","site-content-style":"default","site-sidebar-style":"default","ast-global-header-display":"","ast-banner-title-visibility":"","ast-main-header-display":"","ast-hfb-above-header-display":"","ast-hfb-below-header-display":"","ast-hfb-mobile-header-display":"","site-post-title":"","ast-breadcrumbs-content":"","ast-featured-img":"","footer-sml-layout":"","theme-transparent-header-meta":"","adv-header-id-meta":"","stick-header-meta":"","header-above-stick-meta":"","header-main-stick-meta":"","header-below-stick-meta":"","astra-migrate-meta-layouts":"default","ast-page-background-enabled":"default","ast-page-background-meta":{"desktop":{"background-color":"var(--ast-global-color-4)","background-image":"","background-repeat":"repeat","background-position":"center center","background-size":"auto","background-attachment":"scroll","background-type":"","background-media":"","overlay-type":"","overlay-color":"","overlay-opacity":"","overlay-gradient":""},"tablet":{"background-color":"","background-image":"","background-repeat":"repeat","background-position":"center center","background-size":"auto","background-attachment":"scroll","background-type":"","background-media":"","overlay-type":"","overlay-color":"","overlay-opacity":"","overlay-gradient":""},"mobile":{"background-color":"","background-image":"","background-repeat":"repeat","background-position":"center center","background-size":"auto","background-attachment":"scroll","background-type":"","background-media":"","overlay-type":"","overlay-color":"","overlay-opacity":"","overlay-gradient":""}},"ast-content-background-meta":{"desktop":{"background-color":"var(--ast-global-color-5)","background-image":"","background-repeat":"repeat","background-position":"center center","background-size":"auto","background-attachment":"scroll","background-type":"","background-media":"","overlay-type":"","overlay-color":"","overlay-opacity":"","overlay-gradient":""},"tablet":{"background-color":"var(--ast-global-color-5)","background-image":"","background-repeat":"repeat","background-position":"center center","background-size":"auto","background-attachment":"scroll","background-type":"","background-media":"","overlay-type":"","overlay-color":"","overlay-opacity":"","overlay-gradient":""},"mobile":{"background-color":"var(--ast-global-color-5)","background-image":"","background-repeat":"repeat","background-position":"center center","background-size":"auto","background-attachment":"scroll","background-type":"","background-media":"","overlay-type":"","overlay-color":"","overlay-opacity":"","overlay-gradient":""}},"footnotes":""},"class_list":["post-451","page","type-page","status-publish","hentry"],"yoast_head":"<!-- This site is optimized with the Yoast SEO plugin v23.3 - https:\/\/yoast.com\/wordpress\/plugins\/seo\/ -->\n<title>T\u00e9l\u00e9charger nos ebooks PDF sur l&#039;agroforesterie -<\/title>\n<meta name=\"description\" content=\"T\u00e9l\u00e9charger nos ebooks PDF sur l&#039;agroforesterie et sur l&#039;acquisition de plantations d&#039;agar et de mangue ou encore les mod\u00e8les financiers.\" \/>\n<meta name=\"robots\" content=\"index, follow, max-snippet:-1, max-image-preview:large, max-video-preview:-1\" \/>\n<link rel=\"canonical\" href=\"https:\/\/sustainableforestryservices.com\/fr\/telecharger-ebooks-pdf-agroforesterie\/\" \/>\n<meta property=\"og:locale\" content=\"fr_FR\" \/>\n<meta property=\"og:type\" content=\"article\" \/>\n<meta property=\"og:title\" content=\"T\u00e9l\u00e9charger nos ebooks PDF sur l&#039;agroforesterie -\" \/>\n<meta property=\"og:description\" content=\"T\u00e9l\u00e9charger nos ebooks PDF sur l&#039;agroforesterie et sur l&#039;acquisition de plantations d&#039;agar et de mangue ou encore les mod\u00e8les financiers.\" \/>\n<meta property=\"og:url\" content=\"https:\/\/sustainableforestryservices.com\/fr\/telecharger-ebooks-pdf-agroforesterie\/\" \/>\n<meta property=\"article:modified_time\" content=\"2023-04-06T07:14:41+00:00\" \/>\n<meta name=\"twitter:card\" content=\"summary_large_image\" \/>\n<meta name=\"twitter:label1\" content=\"Dur\u00e9e de lecture estim\u00e9e\" \/>\n\t<meta name=\"twitter:data1\" content=\"1 minute\" \/>\n<script type=\"application\/ld+json\" class=\"yoast-schema-graph\">{\"@context\":\"https:\/\/schema.org\",\"@graph\":[{\"@type\":\"WebPage\",\"@id\":\"https:\/\/sustainableforestryservices.com\/fr\/telecharger-ebooks-pdf-agroforesterie\/\",\"url\":\"https:\/\/sustainableforestryservices.com\/fr\/telecharger-ebooks-pdf-agroforesterie\/\",\"name\":\"T\u00e9l\u00e9charger nos ebooks PDF sur l'agroforesterie -\",\"isPartOf\":{\"@id\":\"https:\/\/sustainableforestryservices.com\/fr\/#website\"},\"datePublished\":\"2023-04-05T11:27:07+00:00\",\"dateModified\":\"2023-04-06T07:14:41+00:00\",\"description\":\"T\u00e9l\u00e9charger nos ebooks PDF sur l'agroforesterie et sur l'acquisition de plantations d'agar et de mangue ou encore les mod\u00e8les financiers.\",\"breadcrumb\":{\"@id\":\"https:\/\/sustainableforestryservices.com\/fr\/telecharger-ebooks-pdf-agroforesterie\/#breadcrumb\"},\"inLanguage\":\"fr-FR\",\"potentialAction\":[{\"@type\":\"ReadAction\",\"target\":[\"https:\/\/sustainableforestryservices.com\/fr\/telecharger-ebooks-pdf-agroforesterie\/\"]}]},{\"@type\":\"BreadcrumbList\",\"@id\":\"https:\/\/sustainableforestryservices.com\/fr\/telecharger-ebooks-pdf-agroforesterie\/#breadcrumb\",\"itemListElement\":[{\"@type\":\"ListItem\",\"position\":1,\"name\":\"Accueil\",\"item\":\"https:\/\/sustainableforestryservices.com\/fr\/\"},{\"@type\":\"ListItem\",\"position\":2,\"name\":\"T\u00e9l\u00e9charger nos ebooks PDF sur l&rsquo;agroforesterie\"}]},{\"@type\":\"WebSite\",\"@id\":\"https:\/\/sustainableforestryservices.com\/fr\/#website\",\"url\":\"https:\/\/sustainableforestryservices.com\/fr\/\",\"name\":\"sustainableforestryservices.com\",\"description\":\"\",\"publisher\":{\"@id\":\"https:\/\/sustainableforestryservices.com\/fr\/#organization\"},\"potentialAction\":[{\"@type\":\"SearchAction\",\"target\":{\"@type\":\"EntryPoint\",\"urlTemplate\":\"https:\/\/sustainableforestryservices.com\/fr\/?s={search_term_string}\"},\"query-input\":\"required name=search_term_string\"}],\"inLanguage\":\"fr-FR\"},{\"@type\":\"Organization\",\"@id\":\"https:\/\/sustainableforestryservices.com\/fr\/#organization\",\"name\":\"Sustainable Forestry Services\",\"url\":\"https:\/\/sustainableforestryservices.com\/fr\/\",\"logo\":{\"@type\":\"ImageObject\",\"inLanguage\":\"fr-FR\",\"@id\":\"https:\/\/sustainableforestryservices.com\/fr\/#\/schema\/logo\/image\/\",\"url\":\"https:\/\/sustainableforestryservices.com\/wp-content\/uploads\/2023\/03\/cropped-sfs_logo.png\",\"contentUrl\":\"https:\/\/sustainableforestryservices.com\/wp-content\/uploads\/2023\/03\/cropped-sfs_logo.png\",\"width\":1779,\"height\":768,\"caption\":\"Sustainable Forestry Services\"},\"image\":{\"@id\":\"https:\/\/sustainableforestryservices.com\/fr\/#\/schema\/logo\/image\/\"}}]}<\/script>\n<!-- \/ Yoast SEO plugin. -->","yoast_head_json":{"title":"T\u00e9l\u00e9charger nos ebooks PDF sur l'agroforesterie -","description":"T\u00e9l\u00e9charger nos ebooks PDF sur l'agroforesterie et sur l'acquisition de plantations d'agar et de mangue ou encore les mod\u00e8les financiers.","robots":{"index":"index","follow":"follow","max-snippet":"max-snippet:-1","max-image-preview":"max-image-preview:large","max-video-preview":"max-video-preview:-1"},"canonical":"https:\/\/sustainableforestryservices.com\/fr\/telecharger-ebooks-pdf-agroforesterie\/","og_locale":"fr_FR","og_type":"article","og_title":"T\u00e9l\u00e9charger nos ebooks PDF sur l'agroforesterie -","og_description":"T\u00e9l\u00e9charger nos ebooks PDF sur l'agroforesterie et sur l'acquisition de plantations d'agar et de mangue ou encore les mod\u00e8les financiers.","og_url":"https:\/\/sustainableforestryservices.com\/fr\/telecharger-ebooks-pdf-agroforesterie\/","article_modified_time":"2023-04-06T07:14:41+00:00","twitter_card":"summary_large_image","twitter_misc":{"Dur\u00e9e de lecture estim\u00e9e":"1 minute"},"schema":{"@context":"https:\/\/schema.org","@graph":[{"@type":"WebPage","@id":"https:\/\/sustainableforestryservices.com\/fr\/telecharger-ebooks-pdf-agroforesterie\/","url":"https:\/\/sustainableforestryservices.com\/fr\/telecharger-ebooks-pdf-agroforesterie\/","name":"T\u00e9l\u00e9charger nos ebooks PDF sur l'agroforesterie -","isPartOf":{"@id":"https:\/\/sustainableforestryservices.com\/fr\/#website"},"datePublished":"2023-04-05T11:27:07+00:00","dateModified":"2023-04-06T07:14:41+00:00","description":"T\u00e9l\u00e9charger nos ebooks PDF sur l'agroforesterie et sur l'acquisition de plantations d'agar et de mangue ou encore les mod\u00e8les financiers.","breadcrumb":{"@id":"https:\/\/sustainableforestryservices.com\/fr\/telecharger-ebooks-pdf-agroforesterie\/#breadcrumb"},"inLanguage":"fr-FR","potentialAction":[{"@type":"ReadAction","target":["https:\/\/sustainableforestryservices.com\/fr\/telecharger-ebooks-pdf-agroforesterie\/"]}]},{"@type":"BreadcrumbList","@id":"https:\/\/sustainableforestryservices.com\/fr\/telecharger-ebooks-pdf-agroforesterie\/#breadcrumb","itemListElement":[{"@type":"ListItem","position":1,"name":"Accueil","item":"https:\/\/sustainableforestryservices.com\/fr\/"},{"@type":"ListItem","position":2,"name":"T\u00e9l\u00e9charger nos ebooks PDF sur l&rsquo;agroforesterie"}]},{"@type":"WebSite","@id":"https:\/\/sustainableforestryservices.com\/fr\/#website","url":"https:\/\/sustainableforestryservices.com\/fr\/","name":"sustainableforestryservices.com","description":"","publisher":{"@id":"https:\/\/sustainableforestryservices.com\/fr\/#organization"},"potentialAction":[{"@type":"SearchAction","target":{"@type":"EntryPoint","urlTemplate":"https:\/\/sustainableforestryservices.com\/fr\/?s={search_term_string}"},"query-input":"required name=search_term_string"}],"inLanguage":"fr-FR"},{"@type":"Organization","@id":"https:\/\/sustainableforestryservices.com\/fr\/#organization","name":"Sustainable Forestry Services","url":"https:\/\/sustainableforestryservices.com\/fr\/","logo":{"@type":"ImageObject","inLanguage":"fr-FR","@id":"https:\/\/sustainableforestryservices.com\/fr\/#\/schema\/logo\/image\/","url":"https:\/\/sustainableforestryservices.com\/wp-content\/uploads\/2023\/03\/cropped-sfs_logo.png","contentUrl":"https:\/\/sustainableforestryservices.com\/wp-content\/uploads\/2023\/03\/cropped-sfs_logo.png","width":1779,"height":768,"caption":"Sustainable Forestry Services"},"image":{"@id":"https:\/\/sustainableforestryservices.com\/fr\/#\/schema\/logo\/image\/"}}]}},"_links":{"self":[{"href":"https:\/\/sustainableforestryservices.com\/fr\/wp-json\/wp\/v2\/pages\/451","targetHints":{"allow":["GET"]}}],"collection":[{"href":"https:\/\/sustainableforestryservices.com\/fr\/wp-json\/wp\/v2\/pages"}],"about":[{"href":"https:\/\/sustainableforestryservices.com\/fr\/wp-json\/wp\/v2\/types\/page"}],"author":[{"embeddable":true,"href":"https:\/\/sustainableforestryservices.com\/fr\/wp-json\/wp\/v2\/users\/1"}],"replies":[{"embeddable":true,"href":"https:\/\/sustainableforestryservices.com\/fr\/wp-json\/wp\/v2\/comments?post=451"}],"version-history":[{"count":17,"href":"https:\/\/sustainableforestryservices.com\/fr\/wp-json\/wp\/v2\/pages\/451\/revisions"}],"predecessor-version":[{"id":702,"href":"https:\/\/sustainableforestryservices.com\/fr\/wp-json\/wp\/v2\/pages\/451\/revisions\/702"}],"wp:attachment":[{"href":"https:\/\/sustainableforestryservices.com\/fr\/wp-json\/wp\/v2\/media?parent=451"}],"curies":[{"name":"wp","href":"https:\/\/api.w.org\/{rel}","templated":true}]}}